{"id":19,"date":"2025-03-23T15:45:41","date_gmt":"2025-03-23T15:45:41","guid":{"rendered":"https:\/\/ibericoschinken.com\/?page_id=19"},"modified":"2025-03-23T15:50:22","modified_gmt":"2025-03-23T15:50:22","slug":"datenschutzrichtlinie","status":"publish","type":"page","link":"https:\/\/ibericoschinken.com\/?page_id=19","title":{"rendered":"Datenschutzrichtlinie"},"content":{"rendered":"\n<p id=\"tw-target-text\">Informationen in \u00dcbereinstimmung mit den Datenschutzbestimmungen In Europa und Spanien gibt es Datenschutzbestimmungen zum Schutz Ihrer personenbezogenen Daten, die f\u00fcr unser Unternehmen verbindlich sind. Daher ist es f\u00fcr uns sehr wichtig, dass Sie vollst\u00e4ndig verstehen, was wir mit den von uns abgefragten personenbezogenen Daten tun. Auf diese Weise sind wir transparent und geben Ihnen die Kontrolle \u00fcber Ihre Daten, mit einfacher Sprache und klaren Optionen, die es Ihnen erm\u00f6glichen, zu entscheiden, was wir mit Ihren pers\u00f6nlichen Daten tun. Wenn Sie nach dem Lesen dieser Informationen Fragen haben, z\u00f6gern Sie bitte nicht, uns diese zu stellen. Vielen Dank f\u00fcr Ihre Zusammenarbeit. \u00b7 <\/p>\n\n\n\n<p><strong>Wer sind wir? <\/strong><\/p>\n\n\n\n<p id=\"tw-target-text\">o Unser Name: IBERICOMIO S.L. o Unser CIF\/NIF: B01663442 o Unsere Hauptt\u00e4tigkeit: HANDELSVERMITTLUNG o Unsere Adresse: FRANCISCO BARBIERI, 4 &#8211; CP 13600, ALCAZAR DE SAN JUAN (Ciudad Real) o Unsere Kontakttelefonnummer: 926 653 810 o Unsere Kontakt-E-Mail-Adresse: locos@ibericomio.es o Unsere Website: ibericomio.es o Zu Ihrem Vertrauen und Ihrer Sicherheit teilen wir Ihnen mit, dass wir eine im Handelsregister von Ciudad Real, Band 674, Buch 0, Folio 16, Abschnitt 8, Seite, eingetragene juristische Person sind; CR31230, Registrierung 1 Wir stehen Ihnen gerne zur Verf\u00fcgung, z\u00f6gern Sie nicht, uns zu kontaktieren.<\/p>\n\n\n\n<p><strong>Wof\u00fcr werden wir Ihre Daten verwenden? <\/strong><\/p>\n\n\n\n<p id=\"tw-target-text\">Im Allgemeinen werden Ihre personenbezogenen Daten dazu verwendet, mit Ihnen in Kontakt treten zu k\u00f6nnen und Ihnen unsere Leistungen anbieten zu k\u00f6nnen. Ebenso k\u00f6nnen sie auch f\u00fcr andere Aktivit\u00e4ten genutzt werden, etwa um Ihnen Werbung zuzusenden oder unsere Aktivit\u00e4ten zu bewerben. \u00b7 <\/p>\n\n\n\n<p><strong>Warum m\u00fcssen wir Ihre Daten verwenden?<\/strong><\/p>\n\n\n\n<p id=\"tw-target-text\"> Ihre personenbezogenen Daten sind erforderlich, um mit Ihnen interagieren und Ihnen unsere Dienste anbieten zu k\u00f6nnen. In diesem Sinne stellen wir Ihnen eine Reihe von Feldern zur Verf\u00fcgung, die es Ihnen erm\u00f6glichen, auf klare und einfache Weise \u00fcber die Verwendung Ihrer pers\u00f6nlichen Daten zu entscheiden. \u00b7 <\/p>\n\n\n\n<p id=\"tw-target-text\"><strong>Wer kennt die von uns angeforderten Informationen? <\/strong><\/p>\n\n\n\n<p id=\"tw-target-text\">Im Allgemeinen d\u00fcrfen nur ordnungsgem\u00e4\u00df autorisierte Mitarbeiter unseres Unternehmens Kenntnis von den von uns angeforderten Informationen haben. Ebenso k\u00f6nnen diejenigen Unternehmen Kenntnis von Ihren personenbezogenen Daten haben, die Zugriff darauf ben\u00f6tigen, damit wir unsere Dienstleistungen erbringen k\u00f6nnen. Beispielsweise erh\u00e4lt unsere Bank Kenntnis von Ihren Daten, wenn die Bezahlung unserer Leistungen per Karte oder Bank\u00fcberweisung erfolgt. Ebenso haben diejenigen \u00f6ffentlichen oder privaten Stellen Kenntnis von Ihren Daten, denen wir aufgrund gesetzlicher Vorschriften Ihre personenbezogenen Daten zur Verf\u00fcgung stellen m\u00fcssen. Um Ihnen ein Beispiel zu nennen: Das Steuergesetz schreibt vor, dass der Steuerbeh\u00f6rde bestimmte Informationen \u00fcber wirtschaftliche Transaktionen zur Verf\u00fcgung gestellt werden, die einen bestimmten Betrag \u00fcberschreiten.<\/p>\n\n\n\n<p id=\"tw-target-text\">F\u00fcr den Fall, dass wir, abgesehen von den oben genannten Annahmen, Ihre personenbezogenen Daten an andere Unternehmen weitergeben m\u00fcssen, werden wir zuvor Ihre Zustimmung durch klare Optionen einholen, die es Ihnen erm\u00f6glichen, diesbez\u00fcglich zu entscheiden. \u00b7 <\/p>\n\n\n\n<p id=\"tw-target-text\"><strong>Wie werden wir Ihre Daten sch\u00fctzen? <\/strong><\/p>\n\n\n\n<p id=\"tw-target-text\">Wir werden Ihre Daten mit wirksamen Sicherheitsma\u00dfnahmen sch\u00fctzen, die auf den Risiken basieren, die mit der Verwendung Ihrer Daten verbunden sind. Zu diesem Zweck hat unser Unternehmen eine Datenschutzrichtlinie verabschiedet und es werden j\u00e4hrliche Kontrollen und Pr\u00fcfungen durchgef\u00fchrt, um sicherzustellen, dass Ihre personenbezogenen Daten jederzeit sicher sind. \u00b7 <\/p>\n\n\n\n<p id=\"tw-target-text\"><strong>Werden wir Ihre Daten in andere L\u00e4nder senden? <\/strong><\/p>\n\n\n\n<p id=\"tw-target-text\">Auf der Welt gibt es L\u00e4nder, die f\u00fcr ihre Daten sicher sind, und andere, die nicht so sicher sind. Beispielsweise ist die Europ\u00e4ische Union eine sichere Umgebung f\u00fcr Ihre Daten. Unser Grundsatz besteht darin, Ihre personenbezogenen Daten nicht in ein Land zu \u00fcbermitteln, das aus datenschutzrechtlicher Sicht nicht sicher ist. F\u00fcr den Fall, dass es f\u00fcr die Bereitstellung des Dienstes unbedingt erforderlich ist, Ihre Daten in ein Land zu senden, das nicht so sicher ist wie Spanien, werden wir immer im Voraus Ihre Erlaubnis einholen und wirksame Sicherheitsma\u00dfnahmen anwenden, die die Risiken der \u00dcbermittlung Ihrer personenbezogenen Daten in ein anderes Land verringern. \u00b7 <\/p>\n\n\n\n<p id=\"tw-target-text\"><strong>Wie lange werden wir Ihre Daten aufbewahren? <\/strong><\/p>\n\n\n\n<p id=\"tw-target-text\">Wir bewahren Ihre Daten f\u00fcr die Dauer unserer Beziehung und so lange auf, wie wir gesetzlich dazu verpflichtet sind. Nach Ablauf der geltenden gesetzlichen Fristen werden wir diese auf sichere und umweltfreundliche Weise entsorgen.<\/p>\n\n\n\n<p id=\"tw-target-text\"><strong>Welche Datenschutzrechte haben Sie? <\/strong><\/p>\n\n\n\n<p id=\"tw-target-text\">Sie k\u00f6nnen uns jederzeit kontaktieren, um herauszufinden, welche Informationen wir \u00fcber Sie haben, sie zu berichtigen, wenn sie falsch sind, und sie nach Beendigung unserer Beziehung zu l\u00f6schen, sofern dies rechtlich m\u00f6glich ist. Sie haben au\u00dferdem das Recht, die \u00dcbermittlung Ihrer Daten an ein anderes Unternehmen zu verlangen. Dieses Recht wird \u201ePortabilit\u00e4t\u201c genannt und kann in bestimmten Situationen n\u00fctzlich sein. Um eines dieser Rechte in Anspruch zu nehmen, m\u00fcssen Sie eine schriftliche Anfrage an unsere Adresse richten und eine Fotokopie Ihres Personalausweises beif\u00fcgen, um Ihre Identit\u00e4t identifizieren zu k\u00f6nnen. In den B\u00fcros unseres Unternehmens verf\u00fcgen wir \u00fcber spezielle Formulare zur Beantragung dieser Rechte und bieten unsere Hilfe bei deren Ausf\u00fcllung an. Um mehr \u00fcber Ihre Datenschutzrechte zu erfahren, k\u00f6nnen Sie die Website der spanischen Datenschutzbeh\u00f6rde (www.agpd.es) konsultieren. \u00b7 <\/p>\n\n\n\n<p id=\"tw-target-text\"><strong>K\u00f6nnen Sie Ihre Einwilligung widerrufen, wenn Sie Ihre Meinung zu einem sp\u00e4teren Zeitpunkt \u00e4ndern? <\/strong><\/p>\n\n\n\n<p id=\"tw-target-text\">Sie k\u00f6nnen Ihre Einwilligung jederzeit widerrufen, wenn Sie Ihre Meinung \u00fcber die Verwendung Ihrer Daten \u00e4ndern. Wenn Sie beispielsweise einmal daran interessiert waren, Werbung f\u00fcr unsere Produkte oder Dienstleistungen zu erhalten, aber keine weitere Werbung mehr erhalten m\u00f6chten, k\u00f6nnen Sie uns dies mitteilen, indem Sie das Widerspruchsformular verwenden, das in den B\u00fcros unseres Unternehmens erh\u00e4ltlich ist.<\/p>\n\n\n\n<p id=\"tw-target-text\"><strong>Wenn Sie glauben, dass Ihre Rechte missachtet wurden, wo k\u00f6nnen Sie eine Beschwerde einreichen? <\/strong><\/p>\n\n\n\n<p id=\"tw-target-text\">Wenn Sie feststellen, dass Ihre Rechte von unserem Unternehmen verletzt wurden, k\u00f6nnen Sie auf eine der folgenden Weisen eine Klage bei der spanischen Datenschutzbeh\u00f6rde einreichen: o Elektronisches B\u00fcro: www.agpd.es o Postanschrift: Spanische Datenschutzbeh\u00f6rde C\/ Jorge Juan, 6 28001-Madrid o Per Telefon: Tel. 901 100 099 Tel. 91 266 35 17 Die Einreichung einer Klage bei der spanischen Datenschutzbeh\u00f6rde ist mit keinen Kosten verbunden und die Unterst\u00fctzung eines Anwalts oder Anwalts ist nicht erforderlich. \u00b7<\/p>\n\n\n\n<p id=\"tw-target-text\"><strong> Werden wir Sie profilieren? <\/strong><\/p>\n\n\n\n<p id=\"tw-target-text\">Unsere Richtlinie besteht darin, keine Profile \u00fcber die Nutzer unserer Dienste zu erstellen. Es kann jedoch Situationen geben, in denen wir zur Erbringung von Dienstleistungen, zu kommerziellen oder anderen Zwecken Profilinformationen \u00fcber Sie ben\u00f6tigen. Ein Beispiel k\u00f6nnte die Nutzung Ihrer Kauf- oder Servicehistorie sein, um Ihnen Produkte oder Dienstleistungen anbieten zu k\u00f6nnen, die an Ihren Geschmack oder Ihre Bed\u00fcrfnisse angepasst sind. In diesem Fall werden wir wirksame Sicherheitsma\u00dfnahmen ergreifen, die Ihre Daten jederzeit vor unbefugten Personen sch\u00fctzen, die diese zu ihrem eigenen Vorteil nutzen wollen.<\/p>\n\n\n\n<p id=\"tw-target-text\"><strong>Werden wir Ihre Daten f\u00fcr andere Zwecke verwenden? <\/strong><\/p>\n\n\n\n<p id=\"tw-target-text\">Es ist unsere Politik, Ihre Daten nicht f\u00fcr andere Zwecke als die, die wir Ihnen erkl\u00e4rt haben, zu verwenden. Wenn wir Ihre Daten jedoch f\u00fcr andere Zwecke verwenden m\u00fcssen, werden wir Sie immer im Voraus um Ihre Zustimmung bitten, indem wir Ihnen klare Optionen zur Verf\u00fcgung stellen, die Ihnen die diesbez\u00fcgliche Entscheidung erm\u00f6glichen. Der Nutzer kann jederzeit sein Recht auf Zugang, Berichtigung, L\u00f6schung und Widerspruch zu seinen personenbezogenen Daten aus\u00fcben sowie seine Einwilligung zum Erhalt elektronischer Mitteilungen widerrufen, indem er sich an locos@ibericomio.es wendet oder den Abmeldelink verwendet, der in jeder gesendeten Mitteilung enthalten ist. <\/p>\n\n\n\n<p class=\"has-text-align-center\" id=\"tw-target-text\"><strong>UNSER ENGAGEMENT ZUM SCHUTZ PERSONENBEZOGENER DATEN: \u201eINFORMIERTE MENSCHEN UND GESCH\u00dcTZTE DATEN\u201c<\/strong><\/p>\n\n\n\n<p id=\"tw-target-text\">Das Management\/Verwaltungsorgan von IBERICOMIO S.L. (im Folgenden: der Datenverantwortliche) \u00fcbernimmt maximale Verantwortung und Engagement f\u00fcr die Erstellung, Umsetzung und Aufrechterhaltung dieser Datenschutzrichtlinie und gew\u00e4hrleistet die kontinuierliche Verbesserung des Datenverantwortlichen mit dem Ziel, Spitzenleistungen in Bezug auf die Einhaltung der Verordnung (EU) 2016\/679 des Europ\u00e4ischen Parlaments und des Rates vom 27. April 2016 zum Schutz nat\u00fcrlicher Personen bei der Verarbeitung personenbezogener Daten und zum freien Verkehr dieser Daten zu erreichen und durch die diese aufgehoben wird. Richtlinie 95\/46\/EG (Datenschutz-Grundverordnung) (ABl. L 119\/1 vom 04.05.2016) und die spanischen Vorschriften zum Schutz personenbezogener Daten (Organgesetz, spezifische sektorale Rechtsvorschriften und ihre Durchf\u00fchrungsbestimmungen).\n\n \n\nDie Datenschutzrichtlinie von IBERICOMIO S.L. beruht auf dem Grundsatz der proaktiven Verantwortung, wonach der Datenverantwortliche f\u00fcr die Einhaltung des regulatorischen und rechtswissenschaftlichen Rahmens verantwortlich ist, der diese Richtlinie regelt, und in der Lage ist, dies gegen\u00fcber den zust\u00e4ndigen Kontrollbeh\u00f6rden nachzuweisen.\n\n \n\nIn diesem Sinne unterliegt der Datenverantwortliche den folgenden Grunds\u00e4tzen, die allen seinen Mitarbeitern als Leitfaden und Referenzrahmen bei der Verarbeitung personenbezogener Daten dienen m\u00fcssen:<\/p>\n\n\n\n<p id=\"tw-target-text\">1. Datenschutz durch Technikgestaltung: Der Verantwortliche wendet sowohl zum Zeitpunkt der Festlegung der Verarbeitungsmethoden als auch zum Zeitpunkt der Verarbeitung selbst geeignete technische und organisatorische Ma\u00dfnahmen an, wie z. <\/p>\n\n\n\n<p id=\"tw-target-text\">2. Standardm\u00e4\u00dfiger Datenschutz: Der Verantwortliche ergreift geeignete technische und organisatorische Ma\u00dfnahmen, um sicherzustellen, dass standardm\u00e4\u00dfig nur die personenbezogenen Daten verarbeitet werden, die f\u00fcr den jeweiligen Verarbeitungszweck erforderlich sind. <\/p>\n\n\n\n<p id=\"tw-target-text\">3. Datenschutz im Informationslebenszyklus: Ma\u00dfnahmen, die den Schutz personenbezogener Daten gew\u00e4hrleisten, gelten w\u00e4hrend des gesamten Informationslebenszyklus. <\/p>\n\n\n\n<p id=\"tw-target-text\">4. Rechtm\u00e4\u00dfigkeit, Loyalit\u00e4t und Transparenz: Personenbezogene Daten werden im Verh\u00e4ltnis zum Interessenten auf rechtm\u00e4\u00dfige, faire und transparente Weise verarbeitet. <\/p>\n\n\n\n<p id=\"tw-target-text\">5. Zweckbindung: Personenbezogene Daten werden f\u00fcr bestimmte, eindeutige und legitime Zwecke erhoben und nicht in einer mit diesen Zwecken unvereinbaren Weise weiterverarbeitet.<\/p>\n\n\n\n<p id=\"tw-target-text\">6. Datenminimierung: Personenbezogene Daten m\u00fcssen angemessen, relevant und auf das f\u00fcr die Zwecke ihrer Verarbeitung erforderliche Ma\u00df beschr\u00e4nkt sein. <\/p>\n\n\n\n<p id=\"tw-target-text\">7. Genauigkeit: Die personenbezogenen Daten werden korrekt sein und bei Bedarf aktualisiert; Es werden alle angemessenen Ma\u00dfnahmen ergriffen, um personenbezogene Daten, die im Hinblick auf die Zwecke, f\u00fcr die sie verarbeitet werden, unrichtig sind, unverz\u00fcglich zu l\u00f6schen oder zu berichtigen. <\/p>\n\n\n\n<p id=\"tw-target-text\">8. Beschr\u00e4nkung der Aufbewahrungsfrist: Personenbezogene Daten werden so aufbewahrt, dass die Identifizierung der betroffenen Parteien nur so lange m\u00f6glich ist, wie es f\u00fcr die Zwecke der Verarbeitung personenbezogener Daten erforderlich ist. <\/p>\n\n\n\n<p id=\"tw-target-text\">9. Integrit\u00e4t und Vertraulichkeit: Personenbezogene Daten werden so behandelt, dass durch die Anwendung geeigneter technischer oder organisatorischer Ma\u00dfnahmen eine angemessene Sicherheit personenbezogener Daten gew\u00e4hrleistet ist, einschlie\u00dflich des Schutzes vor unbefugter oder rechtswidriger Verarbeitung und vor unbeabsichtigtem Verlust, zuf\u00e4lliger Zerst\u00f6rung oder Besch\u00e4digung. <\/p>\n\n\n\n<p id=\"tw-target-text\">10. Information und Schulung: Einer der Schl\u00fcssel zur Gew\u00e4hrleistung des Schutzes personenbezogener Daten ist die Schulung und Information des an der Verarbeitung beteiligten Personals. W\u00e4hrend des Lebenszyklus der Informationen werden alle Mitarbeiter, die Zugriff auf die Daten haben, entsprechend geschult und \u00fcber ihre Pflichten im Zusammenhang mit der Einhaltung datenschutzrechtlicher Vorschriften informiert.<\/p>\n\n\n\n<p id=\"tw-target-rmn\">Die Datenschutzrichtlinie von IBERICOMIO S.L. Sie wird allen Mitarbeitern des Verantwortlichen mitgeteilt und allen interessierten Parteien zur Verf\u00fcgung gestellt.<br><br> <br><br> <br><br> <br><br>Daher betrifft diese Datenschutzrichtlinie alle Mitarbeiter des Datenverantwortlichen, die sie kennen und \u00fcbernehmen m\u00fcssen und sie als ihre eigenen betrachten m\u00fcssen, wobei jedes Mitglied daf\u00fcr verantwortlich ist, sie anzuwenden und die f\u00fcr seine T\u00e4tigkeit geltenden Datenschutzstandards zu \u00fcberpr\u00fcfen sowie die Verbesserungsm\u00f6glichkeiten zu identifizieren und bereitzustellen, die sie f\u00fcr angemessen halten, mit dem Ziel, Spitzenleistungen in Bezug auf die Compliance zu erzielen.<br><br> <br><br> <br><br> <br><br>Diese Richtlinie wird von der Gesch\u00e4ftsf\u00fchrung von IBERICOMIO S.L. so oft wie n\u00f6tig \u00fcberpr\u00fcft, um sie jederzeit an die aktuellen Bestimmungen zum Schutz personenbezogener Daten anzupassen.<\/p>\n\n\n\n<p><\/p>\n","protected":false},"excerpt":{"rendered":"<p>Informationen in \u00dcbereinstimmung mit den Datenschutzbestimmungen In Europa und Spanien gibt es Datenschutzbestimmungen zum Schutz Ihrer personenbezogenen Daten, die f\u00fcr unser Unternehmen verbindlich sind. Daher ist es f\u00fcr uns sehr wichtig, dass Sie vollst\u00e4ndig verstehen, was wir mit den von uns abgefragten personenbezogenen Daten tun. Auf diese Weise sind wir transparent und geben Ihnen die [&hellip;]<\/p>\n","protected":false},"author":1,"featured_media":0,"parent":0,"menu_order":0,"comment_status":"closed","ping_status":"closed","template":"","meta":{"footnotes":""},"class_list":["post-19","page","type-page","status-publish","hentry"],"_links":{"self":[{"href":"https:\/\/ibericoschinken.com\/index.php?rest_route=\/wp\/v2\/pages\/19","targetHints":{"allow":["GET"]}}],"collection":[{"href":"https:\/\/ibericoschinken.com\/index.php?rest_route=\/wp\/v2\/pages"}],"about":[{"href":"https:\/\/ibericoschinken.com\/index.php?rest_route=\/wp\/v2\/types\/page"}],"author":[{"embeddable":true,"href":"https:\/\/ibericoschinken.com\/index.php?rest_route=\/wp\/v2\/users\/1"}],"replies":[{"embeddable":true,"href":"https:\/\/ibericoschinken.com\/index.php?rest_route=%2Fwp%2Fv2%2Fcomments&post=19"}],"version-history":[{"count":3,"href":"https:\/\/ibericoschinken.com\/index.php?rest_route=\/wp\/v2\/pages\/19\/revisions"}],"predecessor-version":[{"id":22,"href":"https:\/\/ibericoschinken.com\/index.php?rest_route=\/wp\/v2\/pages\/19\/revisions\/22"}],"wp:attachment":[{"href":"https:\/\/ibericoschinken.com\/index.php?rest_route=%2Fwp%2Fv2%2Fmedia&parent=19"}],"curies":[{"name":"wp","href":"https:\/\/api.w.org\/{rel}","templated":true}]}}