{"id":15,"date":"2025-03-23T15:30:49","date_gmt":"2025-03-23T15:30:49","guid":{"rendered":"https:\/\/ibericoschinken.com\/?page_id=15"},"modified":"2025-03-23T15:30:49","modified_gmt":"2025-03-23T15:30:49","slug":"rechtlicher-hinweis","status":"publish","type":"page","link":"https:\/\/ibericoschinken.com\/?page_id=15","title":{"rendered":"Rechtlicher Hinweis"},"content":{"rendered":"\n<p id=\"tw-target-rmn\">Bitte lesen Sie diesen rechtlichen Hinweis sorgf\u00e4ltig durch, bevor Sie ibericomio.es (im Folgenden Website) nutzen.<br><br>Die Nutzung der Website unterliegt den in diesem rechtlichen Hinweis festgelegten Regeln. Die Nutzung setzt voraus, dass Sie diese Regeln akzeptieren. Durch die Nutzung der Website akzeptieren Sie deren Nutzungsbedingungen. Die Verantwortung f\u00fcr die Nutzung der Website liegt beim Nutzer.<br><br><strong>IDENTIFIZIERUNGSDATEN<\/strong>Um den Bestimmungen des Gesetzes 34\/2002 vom 11. Juli \u00fcber Dienste der Informationsgesellschaft und elektronischen Handel zu entsprechen, werden im Folgenden die folgenden identifizierenden Daten des Eigent\u00fcmers der Website angegeben:<br><br>Firmenname: IBERICOMIO S.L. mit CIF B01663442. C\/Francisco Barbieri, 4. 13600 Alc\u00e1zar de San Juan Telefon: +34 926 653 810 E-Mail: locos@ibericomio.es<\/p>\n\n\n\n<p id=\"tw-target-rmn\"><strong>BEDINGUNGEN DER WEBSITE<\/strong>Die Inhalte und Dienste der Website werden von IBERICOMIO S.L. bereitgestellt.<br><br>Die Nutzung und das Surfen auf dieser Website setzt voraus, dass Sie die darin enthaltenen rechtlichen Hinweise, Regeln und Nutzungsbedingungen akzeptieren und kennen, insbesondere in diesem rechtlichen Hinweis, der Datenschutz- und Datenschutzrichtlinie sowie allen Kauf-, Zahlungs-, Versand- und R\u00fcckgabevorg\u00e4ngen. Ibericomio S.L. beh\u00e4lt sich das Recht vor, die Informationen auf der Website zu aktualisieren, zu \u00e4ndern oder zu l\u00f6schen und kann zu diesem Zweck den Zugriff auf die Website einschr\u00e4nken oder nicht zulassen.<br><br><strong>GEISTIGE UND GEWERBLICHE EIGENTUMSRECHTE<\/strong>Alle Inhalte der Website wie Marken, Namen, Logos, Bilder, Texte, Design, Navigationsstruktur und alle anderen Unterscheidungsmerkmale der Website sind Eigentum von Ibericomio S.L. oder an Dritte, die deren Aufnahme auf der Website ordnungsgem\u00e4\u00df genehmigt haben. Durch den Zugriff auf diese Inhalte oder Elemente erh\u00e4lt der Nutzer kein Recht auf Ver\u00e4nderung, Modifizierung, Nutzung oder Vervielf\u00e4ltigung, Verbreitung, \u00f6ffentliche Wiedergabe oder ein anderes Recht, das dem Inhaber des betroffenen Rechts zusteht. Der Nutzer verpflichtet sich, diese in keinem Fall direkt oder indirekt kommerziell zu verwerten. Jede unbefugte Nutzung der Website berechtigt Ibericomio S.L. die entsprechenden Ma\u00dfnahmen gem\u00e4\u00df den geltenden Rechtsvorschriften durchzuf\u00fchren.<\/p>\n\n\n\n<p id=\"tw-target-rmn\"><strong>DATENSCHUTZ<\/strong>Bitte lesen Sie unsere Datenschutzrichtlinie bez\u00fcglich der auf der Website gesammelten Daten.<br><br><strong>HAFTUNGSBESCHR\u00c4NKUNG<\/strong>Unter keinen Umst\u00e4nden wird Ibericomio S.L. haftet gegen\u00fcber Dritten f\u00fcr alle direkten oder indirekten Sch\u00e4den, ob wirtschaftlich oder nicht, die sich aus der Nutzung der Website ergeben. Ibericomio S.L. \u00fcbernimmt keine Gew\u00e4hr und ist nicht daf\u00fcr verantwortlich, dass auf der Website oder auf dem Server, der sie bereitstellt, keine Viren und\/oder andere sch\u00e4dliche Komponenten vorhanden sind, weder die Daten noch Sch\u00e4den, die ihm selbst oder einem Dritten durch eine Person entstehen, die gegen die Bedingungen, Regeln und Anweisungen von Ibericomio S.L. verst\u00f6\u00dft. auf der Website oder durch die Verletzung von Sicherheitssystemen festgestellt wurden. Ibericomio S.L. erkl\u00e4rt, dass es im Rahmen seiner M\u00f6glichkeiten und des Stands der Technik alle erforderlichen Ma\u00dfnahmen ergriffen hat, um das Funktionieren der Website zu gew\u00e4hrleisten und die Existenz und \u00dcbertragung von Viren und anderen sch\u00e4dlichen Komponenten an Benutzer zu verhindern.<\/p>\n\n\n\n<p id=\"tw-target-rmn\">Ibericomio S.L. \u00fcbernimmt keine Verantwortung f\u00fcr die verlinkten Inhalte (Links), die dem Benutzer \u00fcber die Website den Zugang zu Produkten und Dienstleistungen erm\u00f6glichen, die von Dritten angeboten werden, sofern diese nicht mit der oben genannten Website in Zusammenhang stehen. Daher ist Ibericomio S.L. ist nicht verantwortlich f\u00fcr die in den oben genannten Links enthaltenen Informationen oder f\u00fcr die Auswirkungen, die sich aus diesen Informationen ergeben k\u00f6nnen. Wir bitten den Benutzer zu beachten, dass diese Links gegen das Gesetz, die guten Sitten oder die \u00f6ffentliche Ordnung versto\u00dfen k\u00f6nnen, und informieren uns per E-Mail: locos@ibericomio.es Ibericomio S.L. \u00fcbernimmt keine Gew\u00e4hr f\u00fcr die technische Verf\u00fcgbarkeit, Genauigkeit, Wahrhaftigkeit, G\u00fcltigkeit oder Rechtm\u00e4\u00dfigkeit von Seiten, die nicht ihr Eigentum sind und auf die \u00fcber Links zugegriffen werden kann. Ibericomio S.L. beh\u00e4lt sich das Recht vor, alle ihr angemessen erscheinenden rechtlichen Schritte gegen Personen einzuleiten, die die Website auf andere als die vorgesehene Weise nutzen oder das Image von Ibericomio S.L. sch\u00e4digen k\u00f6nnten. oder Dritter zu fordern und von ihnen Schadensersatz f\u00fcr Sch\u00e4den zu verlangen, die sich aus Anspr\u00fcchen, Klagen oder Forderungen Dritter (einschlie\u00dflich, aber nicht beschr\u00e4nkt auf Anwaltskosten) aufgrund der vorangegangenen oder anderen m\u00f6glicherweise eintretenden Klagen ergeben.<\/p>\n\n\n\n<p id=\"tw-target-rmn\">Dieser rechtliche Hinweis gilt nur f\u00fcr die auf der Website gesammelten Informationen und nicht f\u00fcr die auf Seiten Dritter gesammelten Inhalte.<br><br><strong>GERICHTSSTAND UND ANWENDBARE GESETZE<\/strong>Die auf dieser Website erkl\u00e4rten Nutzungsbedingungen unterliegen der spanischen Gesetzgebung. Ibericomio S.L. und der Benutzer unterwirft sich unter ausdr\u00fccklichem Verzicht auf die ihm m\u00f6glicherweise zustehende Gerichtsbarkeit im Falle etwaiger Streitigkeiten im Zusammenhang mit ihm der Gerichtsbarkeit der Gerichte von Alc\u00e1zar de San Juan<\/p>\n","protected":false},"excerpt":{"rendered":"<p>Bitte lesen Sie diesen rechtlichen Hinweis sorgf\u00e4ltig durch, bevor Sie ibericomio.es (im Folgenden Website) nutzen. Die Nutzung der Website unterliegt den in diesem rechtlichen Hinweis festgelegten Regeln. Die Nutzung setzt voraus, dass Sie diese Regeln akzeptieren. Durch die Nutzung der Website akzeptieren Sie deren Nutzungsbedingungen. Die Verantwortung f\u00fcr die Nutzung der Website liegt beim Nutzer. [&hellip;]<\/p>\n","protected":false},"author":1,"featured_media":0,"parent":0,"menu_order":0,"comment_status":"closed","ping_status":"closed","template":"","meta":{"footnotes":""},"class_list":["post-15","page","type-page","status-publish","hentry"],"_links":{"self":[{"href":"https:\/\/ibericoschinken.com\/index.php?rest_route=\/wp\/v2\/pages\/15","targetHints":{"allow":["GET"]}}],"collection":[{"href":"https:\/\/ibericoschinken.com\/index.php?rest_route=\/wp\/v2\/pages"}],"about":[{"href":"https:\/\/ibericoschinken.com\/index.php?rest_route=\/wp\/v2\/types\/page"}],"author":[{"embeddable":true,"href":"https:\/\/ibericoschinken.com\/index.php?rest_route=\/wp\/v2\/users\/1"}],"replies":[{"embeddable":true,"href":"https:\/\/ibericoschinken.com\/index.php?rest_route=%2Fwp%2Fv2%2Fcomments&post=15"}],"version-history":[{"count":1,"href":"https:\/\/ibericoschinken.com\/index.php?rest_route=\/wp\/v2\/pages\/15\/revisions"}],"predecessor-version":[{"id":16,"href":"https:\/\/ibericoschinken.com\/index.php?rest_route=\/wp\/v2\/pages\/15\/revisions\/16"}],"wp:attachment":[{"href":"https:\/\/ibericoschinken.com\/index.php?rest_route=%2Fwp%2Fv2%2Fmedia&parent=15"}],"curies":[{"name":"wp","href":"https:\/\/api.w.org\/{rel}","templated":true}]}}